{"id":1462,"date":"2025-11-21T21:03:11","date_gmt":"2025-11-21T21:03:11","guid":{"rendered":"https:\/\/www.onja.com.tr\/?page_id=1462"},"modified":"2026-03-01T12:13:20","modified_gmt":"2026-03-01T12:13:20","slug":"uyum","status":"publish","type":"page","link":"https:\/\/www.onja.com.tr\/en\/uyum\/","title":{"rendered":"Compliance Services"},"content":{"rendered":"<div class=\"wp-block-uagb-container uagb-block-61b7f5e0 alignfull uagb-is-root-container\"><div class=\"uagb-container-inner-blocks-wrap\">\n<div class=\"wp-block-uagb-advanced-heading uagb-block-8114b16d\"><h1 class=\"uagb-heading-text\">Compliance Services<\/h1><\/div>\n<\/div><\/div>\n\n\n\n<div class=\"wp-block-uagb-container uagb-layout-grid uagb-block-489a6aba alignfull uagb-is-root-container\"><div class=\"uagb-container__video-wrap\"><\/div><div class=\"uagb-container-inner-blocks-wrap\">\n<div data-aos= \"fade-right\" data-aos-duration=\"400\" data-aos-delay=\"0\" data-aos-easing=\"ease\" data-aos-once=\"true\" class=\"wp-block-uagb-info-box uagb-block-6c5ef147 uagb-infobox__content-wrap  uagb-infobox-icon-above-title uagb-infobox-image-valign-top\"><div class=\"uagb-ifb-content\"><div class=\"uagb-ifb-title-wrap\"><h5 class=\"uagb-ifb-title-prefix\">For all your needs related to compliance processes <\/h5><h2 class=\"uagb-ifb-title\">Onja Compliance Consulting<\/h2><\/div><p class=\"uagb-ifb-desc\">Onja Compliance Consulting is not merely a technical support unit that secures regulatory conformity; it is a strategic partner that protects your corporate reputation, strengthens decision making processes, and places your long term growth objectives on a secure footing. We identify the compliance risks to which you are exposed under the regulations of the United States, the United Kingdom, and the European Union in particular, as well as other national laws and international sanctions and export control regimes, and we support the creation or updating of the necessary policies and corporate procedures.<br><br>Onja helps you implement your growth and investment strategies on a predictable, transparent, and auditable basis by reducing financial, legal, and reputational risks in the field of compliance. We provide a clear roadmap to strengthen governance, raise employee awareness, and embed a lasting culture of compliance in your daily operations.<br><\/p><\/div><\/div>\n\n\n\n<div data-aos= \"fade-right\" data-aos-duration=\"400\" data-aos-delay=\"0\" data-aos-easing=\"ease\" data-aos-once=\"true\" class=\"wp-block-uagb-image uagb-block-964a3df0 wp-block-uagb-image--layout-default wp-block-uagb-image--effect-static wp-block-uagb-image--align-none\"><figure class=\"wp-block-uagb-image__figure\"><img decoding=\"async\" srcset=\"https:\/\/www.onja.com.tr\/wp-content\/uploads\/2025\/08\/Untitled-design-15.png ,https:\/\/www.onja.com.tr\/wp-content\/uploads\/2025\/08\/Untitled-design-15.png 780w, https:\/\/www.onja.com.tr\/wp-content\/uploads\/2025\/08\/Untitled-design-15.png 360w\" sizes=\"auto, (max-width: 480px) 150px\" src=\"https:\/\/www.onja.com.tr\/wp-content\/uploads\/2025\/08\/Untitled-design-15.png\" alt=\"untitled design 15\" class=\"uag-image-1331\" width=\"536\" height=\"475\" title=\"untitled design 15\" loading=\"lazy\" role=\"img\"\/><\/figure><\/div>\n<\/div><\/div>\n\n\n\n<div class=\"wp-block-uagb-container uagb-block-485602c2 alignfull uagb-is-root-container\"><div class=\"uagb-container-inner-blocks-wrap\">\n<div class=\"wp-block-uagb-info-box uagb-block-27605b80 uagb-infobox__content-wrap  uagb-infobox-icon-above-title uagb-infobox-image-valign-top\"><div class=\"uagb-ifb-content\"><div class=\"uagb-ifb-title-wrap\"><h5 class=\"uagb-ifb-title-prefix\">Expertise Driven Compliance Approach<\/h5><h2 class=\"uagb-ifb-title\">We Strengthen Your Corporate Compliance Framework Together<\/h2><\/div><\/div><\/div>\n<\/div><\/div>\n\n\n\n<div class=\"wp-block-uagb-container uagb-layout-grid uagb-block-a754b6db alignfull uagb-is-root-container\"><div class=\"uagb-container-inner-blocks-wrap\">\n<div class=\"wp-block-uagb-info-box uagb-block-7e6477fa uagb-infobox__content-wrap  uagb-infobox-icon-above-title uagb-infobox-image-valign-top\"><div class=\"uagb-ifb-content\"><div class=\"uagb-ifb-title-wrap\"><div class=\"uagb-ifb-separator\"><\/div><h4 class=\"uagb-ifb-title\"><strong>Corporate Compliance and Governance Systems<\/strong><\/h4><\/div><p class=\"uagb-ifb-desc\">We design your corporate compliance and governance framework in line with international standards by taking into account your company\u2019s risk profile and operational needs. We transform your policies, procedures, and control mechanisms into a sustainable, auditable, and practicable structure.<\/p><\/div><\/div>\n\n\n\n<div class=\"wp-block-uagb-info-box uagb-block-b60e07b2 uagb-infobox__content-wrap  uagb-infobox-icon-above-title uagb-infobox-image-valign-top\"><div class=\"uagb-ifb-content\"><div class=\"uagb-ifb-title-wrap\"><div class=\"uagb-ifb-separator\"><\/div><h4 class=\"uagb-ifb-title\">Design of Compliance Documents and Policies<\/h4><\/div><p class=\"uagb-ifb-desc\">We prepare Compliance Manuals, Codes of Ethics and Discipline, and all other corporate compliance documents in line with international standards through a holistic approach, bringing your corporate governance architecture into full conformity with applicable legislation and regulatory frameworks. In doing so, we strengthen your internal control and oversight mechanisms and help establish a reliable, transparent, and auditable compliance structure in the eyes of banks, manufacturers, and regulatory authorities.<\/p><\/div><\/div>\n\n\n\n<div class=\"wp-block-uagb-info-box uagb-block-8f76c366 uagb-infobox__content-wrap  uagb-infobox-icon-above-title uagb-infobox-image-valign-top\"><div class=\"uagb-ifb-content\"><div class=\"uagb-ifb-title-wrap\"><div class=\"uagb-ifb-separator\"><\/div><h4 class=\"uagb-ifb-title\">Legislation and Regulation Monitoring <\/h4><\/div><p class=\"uagb-ifb-desc\">We track current developments in national and international legislation to help you manage your compliance obligations proactively. By developing regulation aligned business processes, we support the early identification and mitigation of risks.<\/p><\/div><\/div>\n\n\n\n<div class=\"wp-block-uagb-info-box uagb-block-165c4ed6 uagb-infobox__content-wrap  uagb-infobox-icon-above-title uagb-infobox-image-valign-top wp-block-uagb-info-box--has-margin\"><div class=\"uagb-infobox-margin-wrapper\"><div class=\"uagb-ifb-content\"><div class=\"uagb-ifb-title-wrap\"><div class=\"uagb-ifb-separator\"><\/div><h4 class=\"uagb-ifb-title\"><strong>Corporate Rehabilitation Practices<\/strong><\/h4><\/div><p class=\"uagb-ifb-desc\">We identify existing compliance gaps and develop improvement plans to equip your organization with a strong compliance infrastructure at an international level. By managing your rehabilitation processes step by step, we minimize both operational and reputational risks.<\/p><\/div><\/div><\/div>\n\n\n\n<div class=\"wp-block-uagb-info-box uagb-block-95ee04dd uagb-infobox__content-wrap  uagb-infobox-icon-above-title uagb-infobox-image-valign-top\"><div class=\"uagb-ifb-content\"><div class=\"uagb-ifb-title-wrap\"><div class=\"uagb-ifb-separator\"><\/div><h4 class=\"uagb-ifb-title\">Sanctions and Export Control Compliance Management<\/h4><\/div><p class=\"uagb-ifb-desc\">We analyze all your obligations under sanctions and export control regimes, particularly those of the United States, the United Kingdom, and the European Union, and we clearly map high risk product, country, and customer combinations. In this way, we help you preserve your commercial opportunities while positioning your organization on a safe line against severe administrative penalties and listing risks.<\/p><div class=\"uagb-ifb-button-wrapper wp-block-button\"><a href=\"https:\/\/www.onja.com.tr\/en\/ihracatkontrolleri\/\" class=\"uagb-infobox-cta-link wp-block-button__link\" target=\"_self\" rel=\"noopener noreferrer\" onclick=\"return true;\"><span class=\"uagb-inline-editing\">More Info<\/span><svg xmlns=\"https:\/\/www.w3.org\/2000\/svg\" viewbox=\"0 0 512 512\"><path d=\"M504.3 273.6l-112.1 104c-6.992 6.484-17.18 8.218-25.94 4.406c-8.758-3.812-14.42-12.45-14.42-21.1L351.9 288H32C14.33 288 .0002 273.7 .0002 255.1S14.33 224 32 224h319.9l0-72c0-9.547 5.66-18.19 14.42-22c8.754-3.809 18.95-2.075 25.94 4.41l112.1 104C514.6 247.9 514.6 264.1 504.3 273.6z\"><\/path><\/svg><\/a><\/div><\/div><\/div>\n\n\n\n<div class=\"wp-block-uagb-info-box uagb-block-78bbc961 uagb-infobox__content-wrap  uagb-infobox-icon-above-title uagb-infobox-image-valign-top\"><div class=\"uagb-ifb-content\"><div class=\"uagb-ifb-title-wrap\"><div class=\"uagb-ifb-separator\"><\/div><h4 class=\"uagb-ifb-title\">Third Party and Supplier Risk Analysis<\/h4><\/div><p class=\"uagb-ifb-desc\">We subject your customers, suppliers, and business partners to multilayered screening processes regarding international sanctions lists and compliance history. In doing so, we help you build a network of partners you can trust not only financially but also in terms of reputation and compliance.<\/p><\/div><\/div>\n\n\n\n<div class=\"wp-block-group is-layout-constrained wp-block-group-is-layout-constrained\">\n<div class=\"wp-block-group is-layout-constrained wp-block-group-is-layout-constrained\"><\/div>\n<\/div>\n<\/div><\/div>\n\n\n\n<div class=\"wp-block-uagb-container uagb-layout-flex uagb-block-af5df69f alignfull uagb-is-root-container\"><div class=\"uagb-container-inner-blocks-wrap\">\n<div class=\"wp-block-uagb-call-to-action uagb-block-d83192c0 wp-block-button\"><div class=\"uagb-cta__wrap\"><h3 class=\"uagb-cta__title\"><strong><strong>Begin Your Compliance Journey with ONJA<\/strong><\/strong><\/h3><p class=\"uagb-cta__desc\">Click here to change this text. Lorem ipsum dolor sit amet, consectetur adipiscing elit. Ut elit tellus, luctus nec ullamcorper mattis, pulvinar dapibus leo.<\/p><\/div><div class=\"uagb-cta__buttons\"><a href=\"https:\/\/www.onja.com.tr\/en\/iletisim\/\" class=\"uagb-cta__button-link-wrapper wp-block-button__link\" target=\"_self\" rel=\"noopener noreferrer\">Contact Us<svg xmlns=\"https:\/\/www.w3.org\/2000\/svg\" viewbox=\"0 0 512 512\"><path d=\"M504.3 273.6l-112.1 104c-6.992 6.484-17.18 8.218-25.94 4.406c-8.758-3.812-14.42-12.45-14.42-21.1L351.9 288H32C14.33 288 .0002 273.7 .0002 255.1S14.33 224 32 224h319.9l0-72c0-9.547 5.66-18.19 14.42-22c8.754-3.809 18.95-2.075 25.94 4.41l112.1 104C514.6 247.9 514.6 264.1 504.3 273.6z\"><\/path><\/svg><\/a><\/div><\/div>\n<\/div><\/div>\n\n\n\n<p class=\"has-ast-global-color-1-background-color has-background\"><\/p>\n\n\n\n<p><\/p>","protected":false},"excerpt":{"rendered":"<p>Compliance Services<\/p>","protected":false},"author":1,"featured_media":0,"parent":0,"menu_order":0,"comment_status":"closed","ping_status":"closed","template":"","meta":{"_uag_custom_page_level_css":"","site-sidebar-layout":"no-sidebar","site-content-layout":"","ast-site-content-layout":"normal-width-container","site-content-style":"unboxed","site-sidebar-style":"unboxed","ast-global-header-display":"","ast-banner-title-visibility":"","ast-main-header-display":"","ast-hfb-above-header-display":"","ast-hfb-below-header-display":"","ast-hfb-mobile-header-display":"","site-post-title":"disabled","ast-breadcrumbs-content":"","ast-featured-img":"","footer-sml-layout":"","ast-disable-related-posts":"","theme-transparent-header-meta":"enabled","adv-header-id-meta":"","stick-header-meta":"","header-above-stick-meta":"","header-main-stick-meta":"","header-below-stick-meta":"","astra-migrate-meta-layouts":"set","ast-page-background-enabled":"default","ast-page-background-meta":{"desktop":{"background-color":"","background-image":"","background-repeat":"repeat","background-position":"center center","background-size":"auto","background-attachment":"scroll","background-type":"","background-media":"","overlay-type":"","overlay-color":"","overlay-opacity":"","overlay-gradient":""},"tablet":{"background-color":"","background-image":"","background-repeat":"repeat","background-position":"center center","background-size":"auto","background-attachment":"scroll","background-type":"","background-media":"","overlay-type":"","overlay-color":"","overlay-opacity":"","overlay-gradient":""},"mobile":{"background-color":"","background-image":"","background-repeat":"repeat","background-position":"center center","background-size":"auto","background-attachment":"scroll","background-type":"","background-media":"","overlay-type":"","overlay-color":"","overlay-opacity":"","overlay-gradient":""}},"ast-content-background-meta":{"desktop":{"background-color":"var(--ast-global-color-5)","background-image":"","background-repeat":"repeat","background-position":"center center","background-size":"auto","background-attachment":"scroll","background-type":"","background-media":"","overlay-type":"","overlay-color":"","overlay-opacity":"","overlay-gradient":""},"tablet":{"background-color":"var(--ast-global-color-5)","background-image":"","background-repeat":"repeat","background-position":"center center","background-size":"auto","background-attachment":"scroll","background-type":"","background-media":"","overlay-type":"","overlay-color":"","overlay-opacity":"","overlay-gradient":""},"mobile":{"background-color":"var(--ast-global-color-5)","background-image":"","background-repeat":"repeat","background-position":"center center","background-size":"auto","background-attachment":"scroll","background-type":"","background-media":"","overlay-type":"","overlay-color":"","overlay-opacity":"","overlay-gradient":""}},"footnotes":""},"class_list":["post-1462","page","type-page","status-publish","hentry"],"uagb_featured_image_src":{"full":false,"thumbnail":false,"medium":false,"medium_large":false,"large":false,"1536x1536":false,"2048x2048":false,"trp-custom-language-flag":false},"uagb_author_info":{"display_name":"admin","author_link":"https:\/\/www.onja.com.tr\/en\/author\/admin\/"},"uagb_comment_info":0,"uagb_excerpt":"Uyum Dan\u0131\u015fmanl\u0131\u011f\u0131","_links":{"self":[{"href":"https:\/\/www.onja.com.tr\/en\/wp-json\/wp\/v2\/pages\/1462","targetHints":{"allow":["GET"]}}],"collection":[{"href":"https:\/\/www.onja.com.tr\/en\/wp-json\/wp\/v2\/pages"}],"about":[{"href":"https:\/\/www.onja.com.tr\/en\/wp-json\/wp\/v2\/types\/page"}],"author":[{"embeddable":true,"href":"https:\/\/www.onja.com.tr\/en\/wp-json\/wp\/v2\/users\/1"}],"replies":[{"embeddable":true,"href":"https:\/\/www.onja.com.tr\/en\/wp-json\/wp\/v2\/comments?post=1462"}],"version-history":[{"count":9,"href":"https:\/\/www.onja.com.tr\/en\/wp-json\/wp\/v2\/pages\/1462\/revisions"}],"predecessor-version":[{"id":1552,"href":"https:\/\/www.onja.com.tr\/en\/wp-json\/wp\/v2\/pages\/1462\/revisions\/1552"}],"wp:attachment":[{"href":"https:\/\/www.onja.com.tr\/en\/wp-json\/wp\/v2\/media?parent=1462"}],"curies":[{"name":"wp","href":"https:\/\/api.w.org\/{rel}","templated":true}]}}