{"id":1378,"date":"2025-09-17T07:59:49","date_gmt":"2025-09-17T07:59:49","guid":{"rendered":"https:\/\/www.onja.com.tr\/?page_id=1378"},"modified":"2026-04-13T14:05:05","modified_gmt":"2026-04-13T14:05:05","slug":"akademi","status":"publish","type":"page","link":"https:\/\/www.onja.com.tr\/en\/akademi\/","title":{"rendered":"Academic Consulting"},"content":{"rendered":"<div class=\"wp-block-uagb-container uagb-block-61b7f5e0 alignfull uagb-is-root-container\"><div class=\"uagb-container-inner-blocks-wrap\">\n<div class=\"wp-block-uagb-advanced-heading uagb-block-8114b16d\"><h1 class=\"uagb-heading-text\">Academic Consulting<\/h1><\/div>\n<\/div><\/div>\n\n\n\n<div class=\"wp-block-uagb-container uagb-layout-grid uagb-block-489a6aba alignfull uagb-is-root-container\"><div class=\"uagb-container-inner-blocks-wrap\">\n<div class=\"wp-block-uagb-info-box uagb-block-6c5ef147 uagb-infobox__content-wrap  uagb-infobox-icon-above-title uagb-infobox-image-valign-top\"><div class=\"uagb-ifb-content\"><div class=\"uagb-ifb-title-wrap\"><h5 class=\"uagb-ifb-title-prefix\">For Your Strategic Objectives<\/h5><h2 class=\"uagb-ifb-title\">Tailored Training Programs<\/h2><\/div><p class=\"uagb-ifb-desc\">ONJA delivers tailored training programs designed to support organizations in achieving their strategic objectives.<br>Under the onja.academy brand, our programs span a wide range of areas, including leadership and managerial competency development,<br>strategic communication skills training, compliance and ethics training, and project management training.<br>Training content is shaped through institution specific analyses and built on applied, measurable and sustainable frameworks. ONJA approaches training not merely as knowledge transfer, but as a vehicle for corporate transformation.<\/p><\/div><\/div>\n\n\n\n<div class=\"wp-block-uagb-image uagb-block-964a3df0 wp-block-uagb-image--layout-default wp-block-uagb-image--effect-static wp-block-uagb-image--align-none\"><figure class=\"wp-block-uagb-image__figure\"><img decoding=\"async\" srcset=\"https:\/\/www.onja.com.tr\/wp-content\/uploads\/2025\/08\/Untitled-design-8.png ,https:\/\/www.onja.com.tr\/wp-content\/uploads\/2025\/08\/Untitled-design-8.png 780w, https:\/\/www.onja.com.tr\/wp-content\/uploads\/2025\/08\/Untitled-design-8.png 360w\" sizes=\"auto, (max-width: 480px) 150px\" src=\"https:\/\/www.onja.com.tr\/wp-content\/uploads\/2025\/08\/Untitled-design-8.png\" alt=\"untitled design 8\" class=\"uag-image-1317\" width=\"284\" height=\"475\" title=\"untitled design 8\" loading=\"lazy\" role=\"img\"\/><\/figure><\/div>\n\n\n\n<div class=\"wp-block-uagb-image uagb-block-a8629531 wp-block-uagb-image--layout-default wp-block-uagb-image--effect-static wp-block-uagb-image--align-none\"><figure class=\"wp-block-uagb-image__figure\"><img decoding=\"async\" srcset=\"https:\/\/www.onja.com.tr\/wp-content\/uploads\/2025\/08\/Untitled-design-18.png ,https:\/\/www.onja.com.tr\/wp-content\/uploads\/2025\/08\/Untitled-design-18.png 780w, https:\/\/www.onja.com.tr\/wp-content\/uploads\/2025\/08\/Untitled-design-18.png 360w\" sizes=\"auto, (max-width: 480px) 150px\" src=\"https:\/\/www.onja.com.tr\/wp-content\/uploads\/2025\/08\/Untitled-design-18.png\" alt=\"untitled design 18\" class=\"uag-image-1336\" width=\"284\" height=\"477\" title=\"untitled design 18\" loading=\"lazy\" role=\"img\"\/><\/figure><\/div>\n<\/div><\/div>\n\n\n\n<div class=\"wp-block-uagb-container uagb-block-485602c2 alignfull uagb-is-root-container\"><div class=\"uagb-container-inner-blocks-wrap\">\n<div class=\"wp-block-uagb-info-box uagb-block-27605b80 uagb-infobox__content-wrap  uagb-infobox-icon-above-title uagb-infobox-image-valign-top\"><div class=\"uagb-ifb-content\"><div class=\"uagb-ifb-title-wrap\"><h5 class=\"uagb-ifb-title-prefix\">What We Offer in This Area<\/h5><h2 class=\"uagb-ifb-title\">Our Services<\/h2><\/div><\/div><\/div>\n<\/div><\/div>\n\n\n\n<div class=\"wp-block-uagb-container uagb-layout-grid uagb-block-a754b6db alignfull uagb-is-root-container\"><div class=\"uagb-container-inner-blocks-wrap\">\n<div class=\"wp-block-uagb-info-box uagb-block-7e6477fa uagb-infobox__content-wrap  uagb-infobox-icon-above-title uagb-infobox-image-valign-top\"><div class=\"uagb-ifb-content\"><div class=\"uagb-ifb-title-wrap\"><div class=\"uagb-ifb-separator\"><\/div><h4 class=\"uagb-ifb-title\">Training Consultancy<\/h4><\/div><p class=\"uagb-ifb-desc\">ONJA views training not as a simple transfer of knowledge but as a fundamental building block of internal corporate transformation. The onja.academy approach structures training programs in a way that aligns operational benefit with strategic development. Our content goes beyond theoretical instruction and delivers a practical, measurable and institution specific learning experience. By enhancing internal knowledge capital, ONJA creates sustainable competitive advantage.<\/p><\/div><\/div>\n\n\n\n<div class=\"wp-block-uagb-info-box uagb-block-8f76c366 uagb-infobox__content-wrap  uagb-infobox-icon-above-title uagb-infobox-image-valign-top\"><div class=\"uagb-ifb-content\"><div class=\"uagb-ifb-title-wrap\"><div class=\"uagb-ifb-separator\"><\/div><h4 class=\"uagb-ifb-title\">Uluslararas\u0131 \u00d6\u011frenci Dan\u0131\u015fmanl\u0131\u011f\u0131<\/h4><\/div><p class=\"uagb-ifb-desc\">ONJA, dan\u0131\u015fmanl\u0131k faaliyetleri s\u0131ras\u0131nda \u00f6zellikle Afrika\u2019daki i\u015f ortaklar\u0131n\u0131n \u00e7evresinden T\u00fcrkiye\u2019de e\u011fitim g\u00f6rmek isteyen \u00f6\u011frencilere y\u00f6nelik taleplerle kar\u015f\u0131la\u015fm\u0131\u015f ve bu s\u00fcre\u00e7leri uzun s\u00fcre bilabedel destekleyerek \u00f6nemli bir deneyim kazanm\u0131\u015ft\u0131r. Bu birikim kurumsalla\u015ft\u0131r\u0131larak \u00fcniversitelere fayda sa\u011flayan bir yap\u0131ya d\u00f6n\u00fc\u015ft\u00fcr\u00fclm\u00fc\u015ft\u00fcr.<br>ONJA, bu kapsamda uygun adaylar\u0131 do\u011fru programlarla bulu\u015fturarak, T\u00fcrkiye&#8217;de faaliyet g\u00f6steren \u00fcniversitelere s\u00fcrd\u00fcr\u00fclebilir uluslararas\u0131 \u00f6\u011frenci ak\u0131\u015f\u0131 sa\u011flar. <\/p><\/div><\/div>\n<\/div><\/div>\n\n\n\n<div class=\"wp-block-uagb-container uagb-layout-flex uagb-block-af5df69f alignfull uagb-is-root-container\"><div class=\"uagb-container-inner-blocks-wrap\">\n<div class=\"wp-block-uagb-call-to-action uagb-block-d83192c0 wp-block-button\"><div class=\"uagb-cta__wrap\"><h3 class=\"uagb-cta__title\">Would you like to benefit from our services in this field?<\/h3><p class=\"uagb-cta__desc\">Click here to change this text. Lorem ipsum dolor sit amet, consectetur adipiscing elit. Ut elit tellus, luctus nec ullamcorper mattis, pulvinar dapibus leo.<\/p><\/div><div class=\"uagb-cta__buttons\"><a href=\"https:\/\/www.onja.com.tr\/en\/iletisim\/\" class=\"uagb-cta__button-link-wrapper wp-block-button__link\" target=\"_self\" rel=\"noopener noreferrer\">Contact Us<svg xmlns=\"https:\/\/www.w3.org\/2000\/svg\" viewbox=\"0 0 512 512\"><path d=\"M504.3 273.6l-112.1 104c-6.992 6.484-17.18 8.218-25.94 4.406c-8.758-3.812-14.42-12.45-14.42-21.1L351.9 288H32C14.33 288 .0002 273.7 .0002 255.1S14.33 224 32 224h319.9l0-72c0-9.547 5.66-18.19 14.42-22c8.754-3.809 18.95-2.075 25.94 4.41l112.1 104C514.6 247.9 514.6 264.1 504.3 273.6z\"><\/path><\/svg><\/a><\/div><\/div>\n<\/div><\/div>","protected":false},"excerpt":{"rendered":"<p>Academic Consulting<\/p>","protected":false},"author":1,"featured_media":0,"parent":0,"menu_order":0,"comment_status":"closed","ping_status":"closed","template":"","meta":{"_uag_custom_page_level_css":"","site-sidebar-layout":"default","site-content-layout":"","ast-site-content-layout":"normal-width-container","site-content-style":"unboxed","site-sidebar-style":"default","ast-global-header-display":"","ast-banner-title-visibility":"","ast-main-header-display":"","ast-hfb-above-header-display":"","ast-hfb-below-header-display":"","ast-hfb-mobile-header-display":"","site-post-title":"disabled","ast-breadcrumbs-content":"","ast-featured-img":"","footer-sml-layout":"","ast-disable-related-posts":"","theme-transparent-header-meta":"enabled","adv-header-id-meta":"","stick-header-meta":"","header-above-stick-meta":"","header-main-stick-meta":"","header-below-stick-meta":"","astra-migrate-meta-layouts":"set","ast-page-background-enabled":"default","ast-page-background-meta":{"desktop":{"background-color":"","background-image":"","background-repeat":"repeat","background-position":"center center","background-size":"auto","background-attachment":"scroll","background-type":"","background-media":"","overlay-type":"","overlay-color":"","overlay-opacity":"","overlay-gradient":""},"tablet":{"background-color":"","background-image":"","background-repeat":"repeat","background-position":"center center","background-size":"auto","background-attachment":"scroll","background-type":"","background-media":"","overlay-type":"","overlay-color":"","overlay-opacity":"","overlay-gradient":""},"mobile":{"background-color":"","background-image":"","background-repeat":"repeat","background-position":"center center","background-size":"auto","background-attachment":"scroll","background-type":"","background-media":"","overlay-type":"","overlay-color":"","overlay-opacity":"","overlay-gradient":""}},"ast-content-background-meta":{"desktop":{"background-color":"var(--ast-global-color-5)","background-image":"","background-repeat":"repeat","background-position":"center center","background-size":"auto","background-attachment":"scroll","background-type":"","background-media":"","overlay-type":"","overlay-color":"","overlay-opacity":"","overlay-gradient":""},"tablet":{"background-color":"var(--ast-global-color-5)","background-image":"","background-repeat":"repeat","background-position":"center center","background-size":"auto","background-attachment":"scroll","background-type":"","background-media":"","overlay-type":"","overlay-color":"","overlay-opacity":"","overlay-gradient":""},"mobile":{"background-color":"var(--ast-global-color-5)","background-image":"","background-repeat":"repeat","background-position":"center center","background-size":"auto","background-attachment":"scroll","background-type":"","background-media":"","overlay-type":"","overlay-color":"","overlay-opacity":"","overlay-gradient":""}},"footnotes":""},"class_list":["post-1378","page","type-page","status-publish","hentry"],"uagb_featured_image_src":{"full":false,"thumbnail":false,"medium":false,"medium_large":false,"large":false,"1536x1536":false,"2048x2048":false,"trp-custom-language-flag":false},"uagb_author_info":{"display_name":"admin","author_link":"https:\/\/www.onja.com.tr\/en\/author\/admin\/"},"uagb_comment_info":0,"uagb_excerpt":"Akademi Dan\u0131\u015fmanl\u0131\u011f\u0131","_links":{"self":[{"href":"https:\/\/www.onja.com.tr\/en\/wp-json\/wp\/v2\/pages\/1378","targetHints":{"allow":["GET"]}}],"collection":[{"href":"https:\/\/www.onja.com.tr\/en\/wp-json\/wp\/v2\/pages"}],"about":[{"href":"https:\/\/www.onja.com.tr\/en\/wp-json\/wp\/v2\/types\/page"}],"author":[{"embeddable":true,"href":"https:\/\/www.onja.com.tr\/en\/wp-json\/wp\/v2\/users\/1"}],"replies":[{"embeddable":true,"href":"https:\/\/www.onja.com.tr\/en\/wp-json\/wp\/v2\/comments?post=1378"}],"version-history":[{"count":11,"href":"https:\/\/www.onja.com.tr\/en\/wp-json\/wp\/v2\/pages\/1378\/revisions"}],"predecessor-version":[{"id":1693,"href":"https:\/\/www.onja.com.tr\/en\/wp-json\/wp\/v2\/pages\/1378\/revisions\/1693"}],"wp:attachment":[{"href":"https:\/\/www.onja.com.tr\/en\/wp-json\/wp\/v2\/media?parent=1378"}],"curies":[{"name":"wp","href":"https:\/\/api.w.org\/{rel}","templated":true}]}}