{"id":1367,"date":"2025-09-16T12:31:08","date_gmt":"2025-09-16T12:31:08","guid":{"rendered":"https:\/\/www.onja.com.tr\/?page_id=1367"},"modified":"2025-12-23T12:39:40","modified_gmt":"2025-12-23T12:39:40","slug":"regulasyon-uyum","status":"publish","type":"page","link":"https:\/\/www.onja.com.tr\/en\/regulasyon-uyum\/","title":{"rendered":"Regulatory Advisory"},"content":{"rendered":"<div class=\"wp-block-uagb-container uagb-block-61b7f5e0 alignfull uagb-is-root-container\"><div class=\"uagb-container-inner-blocks-wrap\">\n<div class=\"wp-block-uagb-advanced-heading uagb-block-8114b16d\"><h1 class=\"uagb-heading-text\">Regulatory Advisory<\/h1><\/div>\n<\/div><\/div>\n\n\n\n<div class=\"wp-block-uagb-container uagb-layout-grid uagb-block-489a6aba alignfull uagb-is-root-container\"><div class=\"uagb-container-inner-blocks-wrap\">\n<div class=\"wp-block-uagb-info-box uagb-block-6c5ef147 uagb-infobox__content-wrap  uagb-infobox-icon-above-title uagb-infobox-image-valign-top\"><div class=\"uagb-ifb-content\"><div class=\"uagb-ifb-title-wrap\"><h5 class=\"uagb-ifb-title-prefix\">For Your Corporate Structures<\/h5><h2 class=\"uagb-ifb-title\">Solutions Across Multidisciplinary Domains<\/h2><\/div><p class=\"uagb-ifb-desc\">Onja provides regulatory and compliance-focused advisory services to ensure that companies operate in full compliance with evolving local and international legislation, sectoral regulations, and ethical standards.<br><br>Within this consulting model, ONJA provides solutions across multidisciplinary fields by aligning corporate structures with applicable legislation, establishing internal control mechanisms, protecting information assets and intellectual property, mitigating contract-based risks, and enhancing process management.<\/p><\/div><\/div>\n\n\n\n<div class=\"wp-block-uagb-image uagb-block-964a3df0 wp-block-uagb-image--layout-default wp-block-uagb-image--effect-static wp-block-uagb-image--align-none\"><figure class=\"wp-block-uagb-image__figure\"><img decoding=\"async\" srcset=\"https:\/\/www.onja.com.tr\/wp-content\/uploads\/2025\/09\/sue-winston-P5-JYgJtksQ-unsplash-817x1024.jpg ,https:\/\/www.onja.com.tr\/wp-content\/uploads\/2025\/09\/sue-winston-P5-JYgJtksQ-unsplash-scaled.jpg 780w, https:\/\/www.onja.com.tr\/wp-content\/uploads\/2025\/09\/sue-winston-P5-JYgJtksQ-unsplash-scaled.jpg 360w\" sizes=\"auto, (max-width: 480px) 150px\" src=\"https:\/\/www.onja.com.tr\/wp-content\/uploads\/2025\/09\/sue-winston-P5-JYgJtksQ-unsplash-817x1024.jpg\" alt=\"sue winston p5 jygjtksq unsplash\" class=\"uag-image-1413\" width=\"284\" height=\"475\" title=\"sue winston p5 jygjtksq unsplash\" loading=\"lazy\" role=\"img\"\/><\/figure><\/div>\n\n\n\n<div class=\"wp-block-uagb-image uagb-block-a8629531 wp-block-uagb-image--layout-default wp-block-uagb-image--effect-static wp-block-uagb-image--align-none\"><figure class=\"wp-block-uagb-image__figure\"><img decoding=\"async\" srcset=\"https:\/\/www.onja.com.tr\/wp-content\/uploads\/2025\/09\/patrick-tomasso-Oaqk7qqNh_c-unsplash-1024x683.jpg ,https:\/\/www.onja.com.tr\/wp-content\/uploads\/2025\/09\/patrick-tomasso-Oaqk7qqNh_c-unsplash-scaled.jpg 780w, https:\/\/www.onja.com.tr\/wp-content\/uploads\/2025\/09\/patrick-tomasso-Oaqk7qqNh_c-unsplash-scaled.jpg 360w\" sizes=\"auto, (max-width: 480px) 150px\" src=\"https:\/\/www.onja.com.tr\/wp-content\/uploads\/2025\/09\/patrick-tomasso-Oaqk7qqNh_c-unsplash-1024x683.jpg\" alt=\"patrick tomasso oaqk7qqnh c unsplash\" class=\"uag-image-1414\" width=\"284\" height=\"477\" title=\"patrick tomasso oaqk7qqnh c unsplash\" loading=\"lazy\" role=\"img\"\/><\/figure><\/div>\n<\/div><\/div>\n\n\n\n<div class=\"wp-block-uagb-container uagb-block-485602c2 alignfull uagb-is-root-container\"><div class=\"uagb-container-inner-blocks-wrap\">\n<div class=\"wp-block-uagb-info-box uagb-block-27605b80 uagb-infobox__content-wrap  uagb-infobox-icon-above-title uagb-infobox-image-valign-top\"><div class=\"uagb-ifb-content\"><div class=\"uagb-ifb-title-wrap\"><h5 class=\"uagb-ifb-title-prefix\">What We Offer in This Area<\/h5><h2 class=\"uagb-ifb-title\">Our Services<\/h2><\/div><\/div><\/div>\n<\/div><\/div>\n\n\n\n<div class=\"wp-block-uagb-container uagb-layout-grid uagb-block-a754b6db alignfull uagb-is-root-container\"><div class=\"uagb-container-inner-blocks-wrap\">\n<div class=\"wp-block-uagb-info-box uagb-block-7e6477fa uagb-infobox__content-wrap  uagb-infobox-icon-above-title uagb-infobox-image-valign-top\"><div class=\"uagb-ifb-content\"><div class=\"uagb-ifb-title-wrap\"><div class=\"uagb-ifb-separator\"><\/div><h4 class=\"uagb-ifb-title\">Compliance Advisory Services<\/h4><\/div><p class=\"uagb-ifb-desc\">Onja positions compliance processes not merely as a legal obligation, but as an integral component of a company\u2019s long term value creation capacity.<br>onja.compliance leverages its field experience across various sectors, its interdisciplinary consulting team, and its command of international regulations to establish compliance processes that are measurable, auditable, and sustainable.<\/p><div class=\"uagb-ifb-button-wrapper wp-block-button\"><a href=\"https:\/\/www.onja.com.tr\/en\/uyum\/\" class=\"uagb-infobox-cta-link wp-block-button__link\" target=\"_self\" rel=\"noopener noreferrer\" onclick=\"return true;\"><span class=\"uagb-inline-editing\">More Info<\/span><svg xmlns=\"https:\/\/www.w3.org\/2000\/svg\" viewbox=\"0 0 512 512\"><path d=\"M504.3 273.6l-112.1 104c-6.992 6.484-17.18 8.218-25.94 4.406c-8.758-3.812-14.42-12.45-14.42-21.1L351.9 288H32C14.33 288 .0002 273.7 .0002 255.1S14.33 224 32 224h319.9l0-72c0-9.547 5.66-18.19 14.42-22c8.754-3.809 18.95-2.075 25.94 4.41l112.1 104C514.6 247.9 514.6 264.1 504.3 273.6z\"><\/path><\/svg><\/a><\/div><\/div><\/div>\n\n\n\n<div class=\"wp-block-uagb-info-box uagb-block-8f76c366 uagb-infobox__content-wrap  uagb-infobox-icon-above-title uagb-infobox-image-valign-top\"><div class=\"uagb-ifb-content\"><div class=\"uagb-ifb-title-wrap\"><div class=\"uagb-ifb-separator\"><\/div><h4 class=\"uagb-ifb-title\">Intellectual and Industrial Property Consulting<\/h4><\/div><p class=\"uagb-ifb-desc\">ONJA approaches intellectual and industrial property rights not merely as a legal protection framework but as an integral component of brand value, competitive strength, and innovation strategy. onja.ip services are delivered through an integrated, multidisciplinary, and practice-oriented approach aligned with national and international systems.<\/p><\/div><\/div>\n\n\n\n<div class=\"wp-block-uagb-info-box uagb-block-165c4ed6 uagb-infobox__content-wrap  uagb-infobox-icon-above-title uagb-infobox-image-valign-top wp-block-uagb-info-box--has-margin\"><div class=\"uagb-infobox-margin-wrapper\"><div class=\"uagb-ifb-content\"><div class=\"uagb-ifb-title-wrap\"><div class=\"uagb-ifb-separator\"><\/div><h4 class=\"uagb-ifb-title\">Insurance Risk and Solutions Consulting<\/h4><\/div><p class=\"uagb-ifb-desc\">ONJA views insurance processes not only as financial protection but also as an essential element of strategic risk management. The solutions we offer under the onja.insurance brand are based on a practice oriented and multi stakeholder approach that takes sector specific dynamics into account. This enables companies not only to secure insurance coverage but also to establish the insurance system as an integral part of their corporate security infrastructure.<\/p><\/div><\/div><\/div>\n\n\n\n<div class=\"wp-block-uagb-info-box uagb-block-d65352d7 uagb-infobox__content-wrap  uagb-infobox-icon-above-title uagb-infobox-image-valign-top wp-block-uagb-info-box--has-margin\"><div class=\"uagb-infobox-margin-wrapper\"><div class=\"uagb-ifb-content\"><div class=\"uagb-ifb-title-wrap\"><div class=\"uagb-ifb-separator\"><\/div><h4 class=\"uagb-ifb-title\">Concordat Process Management<\/h4><\/div><p class=\"uagb-ifb-desc\">ONJA approaches concordat processes not merely as a legal crisis but also as an opportunity for structural and financial restructuring.<br>The support we provide under onja.concordato is based on a holistic strategy that considers not only a company\u2019s current obligations but also its future corporate sustainability.<\/p><\/div><\/div><\/div>\n\n\n\n<div class=\"wp-block-uagb-info-box uagb-block-95ee04dd uagb-infobox__content-wrap  uagb-infobox-icon-above-title uagb-infobox-image-valign-top\"><div class=\"uagb-ifb-content\"><div class=\"uagb-ifb-title-wrap\"><div class=\"uagb-ifb-separator\"><\/div><h4 class=\"uagb-ifb-title\">Logistics Dispute Resolution Services<\/h4><\/div><p class=\"uagb-ifb-desc\">ONJA assesses logistics operations not only as an operational activity but also as a strategic area of<br>competition.<br>The solutions offered under onja.logistics focus not only on responding to the problems companies encounter in transportation and supply chains, but also on permanently strengthening their processes and establishing an uninterrupted logistics structure.<\/p><\/div><\/div>\n<\/div><\/div>\n\n\n\n<div class=\"wp-block-uagb-container uagb-layout-flex uagb-block-af5df69f alignfull uagb-is-root-container\"><div class=\"uagb-container-inner-blocks-wrap\">\n<div class=\"wp-block-uagb-call-to-action uagb-block-d83192c0 wp-block-button\"><div class=\"uagb-cta__wrap\"><h3 class=\"uagb-cta__title\">Would you like to benefit from our services in this field?<\/h3><p class=\"uagb-cta__desc\">Click here to change this text. Lorem ipsum dolor sit amet, consectetur adipiscing elit. Ut elit tellus, luctus nec ullamcorper mattis, pulvinar dapibus leo.<\/p><\/div><div class=\"uagb-cta__buttons\"><a href=\"https:\/\/www.onja.com.tr\/en\/iletisim\/\" class=\"uagb-cta__button-link-wrapper wp-block-button__link\" target=\"_self\" rel=\"noopener noreferrer\">Contact Us<svg xmlns=\"https:\/\/www.w3.org\/2000\/svg\" viewbox=\"0 0 512 512\"><path d=\"M504.3 273.6l-112.1 104c-6.992 6.484-17.18 8.218-25.94 4.406c-8.758-3.812-14.42-12.45-14.42-21.1L351.9 288H32C14.33 288 .0002 273.7 .0002 255.1S14.33 224 32 224h319.9l0-72c0-9.547 5.66-18.19 14.42-22c8.754-3.809 18.95-2.075 25.94 4.41l112.1 104C514.6 247.9 514.6 264.1 504.3 273.6z\"><\/path><\/svg><\/a><\/div><\/div>\n<\/div><\/div>","protected":false},"excerpt":{"rendered":"<p>Regulatory Advisory<\/p>","protected":false},"author":1,"featured_media":0,"parent":0,"menu_order":0,"comment_status":"closed","ping_status":"closed","template":"","meta":{"_uag_custom_page_level_css":"","site-sidebar-layout":"default","site-content-layout":"","ast-site-content-layout":"normal-width-container","site-content-style":"unboxed","site-sidebar-style":"default","ast-global-header-display":"","ast-banner-title-visibility":"","ast-main-header-display":"","ast-hfb-above-header-display":"","ast-hfb-below-header-display":"","ast-hfb-mobile-header-display":"","site-post-title":"disabled","ast-breadcrumbs-content":"","ast-featured-img":"","footer-sml-layout":"","ast-disable-related-posts":"","theme-transparent-header-meta":"enabled","adv-header-id-meta":"","stick-header-meta":"","header-above-stick-meta":"","header-main-stick-meta":"","header-below-stick-meta":"","astra-migrate-meta-layouts":"set","ast-page-background-enabled":"default","ast-page-background-meta":{"desktop":{"background-color":"","background-image":"","background-repeat":"repeat","background-position":"center center","background-size":"auto","background-attachment":"scroll","background-type":"","background-media":"","overlay-type":"","overlay-color":"","overlay-opacity":"","overlay-gradient":""},"tablet":{"background-color":"","background-image":"","background-repeat":"repeat","background-position":"center center","background-size":"auto","background-attachment":"scroll","background-type":"","background-media":"","overlay-type":"","overlay-color":"","overlay-opacity":"","overlay-gradient":""},"mobile":{"background-color":"","background-image":"","background-repeat":"repeat","background-position":"center center","background-size":"auto","background-attachment":"scroll","background-type":"","background-media":"","overlay-type":"","overlay-color":"","overlay-opacity":"","overlay-gradient":""}},"ast-content-background-meta":{"desktop":{"background-color":"var(--ast-global-color-5)","background-image":"","background-repeat":"repeat","background-position":"center center","background-size":"auto","background-attachment":"scroll","background-type":"","background-media":"","overlay-type":"","overlay-color":"","overlay-opacity":"","overlay-gradient":""},"tablet":{"background-color":"var(--ast-global-color-5)","background-image":"","background-repeat":"repeat","background-position":"center center","background-size":"auto","background-attachment":"scroll","background-type":"","background-media":"","overlay-type":"","overlay-color":"","overlay-opacity":"","overlay-gradient":""},"mobile":{"background-color":"var(--ast-global-color-5)","background-image":"","background-repeat":"repeat","background-position":"center center","background-size":"auto","background-attachment":"scroll","background-type":"","background-media":"","overlay-type":"","overlay-color":"","overlay-opacity":"","overlay-gradient":""}},"footnotes":""},"class_list":["post-1367","page","type-page","status-publish","hentry"],"uagb_featured_image_src":{"full":false,"thumbnail":false,"medium":false,"medium_large":false,"large":false,"1536x1536":false,"2048x2048":false,"trp-custom-language-flag":false},"uagb_author_info":{"display_name":"admin","author_link":"https:\/\/www.onja.com.tr\/en\/author\/admin\/"},"uagb_comment_info":0,"uagb_excerpt":"Reg\u00fclasyon Dan\u0131\u015fmanl\u0131\u011f\u0131","_links":{"self":[{"href":"https:\/\/www.onja.com.tr\/en\/wp-json\/wp\/v2\/pages\/1367","targetHints":{"allow":["GET"]}}],"collection":[{"href":"https:\/\/www.onja.com.tr\/en\/wp-json\/wp\/v2\/pages"}],"about":[{"href":"https:\/\/www.onja.com.tr\/en\/wp-json\/wp\/v2\/types\/page"}],"author":[{"embeddable":true,"href":"https:\/\/www.onja.com.tr\/en\/wp-json\/wp\/v2\/users\/1"}],"replies":[{"embeddable":true,"href":"https:\/\/www.onja.com.tr\/en\/wp-json\/wp\/v2\/comments?post=1367"}],"version-history":[{"count":7,"href":"https:\/\/www.onja.com.tr\/en\/wp-json\/wp\/v2\/pages\/1367\/revisions"}],"predecessor-version":[{"id":1551,"href":"https:\/\/www.onja.com.tr\/en\/wp-json\/wp\/v2\/pages\/1367\/revisions\/1551"}],"wp:attachment":[{"href":"https:\/\/www.onja.com.tr\/en\/wp-json\/wp\/v2\/media?parent=1367"}],"curies":[{"name":"wp","href":"https:\/\/api.w.org\/{rel}","templated":true}]}}